{"id":1311,"date":"2019-04-09T09:04:33","date_gmt":"2019-04-09T09:04:33","guid":{"rendered":"https:\/\/www.ulbrichts.com\/automotive\/impressum\/"},"modified":"2019-07-14T11:45:15","modified_gmt":"2019-07-14T11:45:15","slug":"imprint","status":"publish","type":"page","link":"https:\/\/www.ulbrichts.com\/automotive\/es\/imprint\/","title":{"rendered":"Imprint"},"content":{"rendered":"<h4 style=\"text-align: left;\"><strong>ULBRICHTS GmbH<\/strong><\/h4>\n<p style=\"text-align: left;\">Kaufing 34<br \/>\n4690 Schwanenstadt<br \/>\nAustria<\/p>\n<p style=\"text-align: left;\">Tel: +43 (0)7673 2781-0<br \/>\nFax: +43 (0)7673 2781-115<br \/>\nEmail <a href=\"mailto:automotive@ulbrichts.com\">automotive@ulbrichts.com<\/a><\/p>\n<p style=\"text-align: left;\">Company registration number: FN 177 246g<br \/>\nCommercial register: Wels<br \/>\nVAT No.: ATU24673404<br \/>\nARA No. 6544<\/p>\n<p style=\"text-align: left;\">Bank details: Allgem. Sparkasse Ober\u00f6sterreich<br \/>\nIBAN: AT36 2032 0321 0030 2755<br \/>\nBIC: ASPKAT2L<\/p>\n<h4 style=\"text-align: left;\"><strong>Concepto y dise\u00f1o<\/strong><\/h4>\n<p style=\"text-align: left;\">INSPIRANTO Strategie + Kreation<br \/>\nBergheimerstra\u00dfe 55<br \/>\n5020 Salzburg<br \/>\n<a href=\"http:\/\/www.inspiranto.com\" target=\"_blank\" rel=\"noopener noreferrer\">www.inspiranto.com<\/a><\/p>\n<p style=\"text-align: left;\">\n","protected":false},"excerpt":{"rendered":"<p>ULBRICHTS GmbH Kaufing 34 4690 Schwanenstadt Austria Tel: +43 (0)7673 2781-0 Fax: +43 (0)7673 2781-115 Email automotive@ulbrichts.com Company registration number: FN 177 246g Commercial register: Wels VAT No.: ATU24673404 ARA No. 6544 Bank details: Allgem. Sparkasse Ober\u00f6sterreich IBAN: AT36 2032 0321 0030 2755 BIC: ASPKAT2L Concepto y dise\u00f1o INSPIRANTO Strategie + Kreation Bergheimerstra\u00dfe 55 5020 [&hellip;]<\/p>\n","protected":false},"author":1,"featured_media":0,"parent":0,"menu_order":1000,"comment_status":"closed","ping_status":"closed","template":"","meta":{"_acf_changed":false,"footnotes":""},"class_list":["post-1311","page","type-page","status-publish","hentry"],"acf":[],"_links":{"self":[{"href":"https:\/\/www.ulbrichts.com\/automotive\/es\/wp-json\/wp\/v2\/pages\/1311","targetHints":{"allow":["GET"]}}],"collection":[{"href":"https:\/\/www.ulbrichts.com\/automotive\/es\/wp-json\/wp\/v2\/pages"}],"about":[{"href":"https:\/\/www.ulbrichts.com\/automotive\/es\/wp-json\/wp\/v2\/types\/page"}],"author":[{"embeddable":true,"href":"https:\/\/www.ulbrichts.com\/automotive\/es\/wp-json\/wp\/v2\/users\/1"}],"replies":[{"embeddable":true,"href":"https:\/\/www.ulbrichts.com\/automotive\/es\/wp-json\/wp\/v2\/comments?post=1311"}],"version-history":[{"count":8,"href":"https:\/\/www.ulbrichts.com\/automotive\/es\/wp-json\/wp\/v2\/pages\/1311\/revisions"}],"predecessor-version":[{"id":2492,"href":"https:\/\/www.ulbrichts.com\/automotive\/es\/wp-json\/wp\/v2\/pages\/1311\/revisions\/2492"}],"wp:attachment":[{"href":"https:\/\/www.ulbrichts.com\/automotive\/es\/wp-json\/wp\/v2\/media?parent=1311"}],"curies":[{"name":"wp","href":"https:\/\/api.w.org\/{rel}","templated":true}]}}