{"id":1314,"date":"2019-04-09T09:03:29","date_gmt":"2019-04-09T09:03:29","guid":{"rendered":"https:\/\/www.ulbrichts.com\/automotive\/datenschutzerklaerung\/"},"modified":"2019-05-07T12:13:04","modified_gmt":"2019-05-07T12:13:04","slug":"declaracion-de-proteccion-de-datos","status":"publish","type":"page","link":"https:\/\/www.ulbrichts.com\/automotive\/es\/declaracion-de-proteccion-de-datos\/","title":{"rendered":"Declaraci\u00f3n de protecci\u00f3n de datos"},"content":{"rendered":"<p style=\"text-align: left;\">Responsable del tratamiento de sus datos personales en nuestra p\u00e1gina web es ULBRICHTS GMBH. Los datos sobre ULBRICHTS GMBH los encontrar\u00e1 en el <a href=\"https:\/\/www.ulbrichts.com\/automotive\/es\/imprint\/\">Aviso Legal<\/a>.<\/p>\n<h2 style=\"text-align: left;\">Protecci\u00f3n de datos<\/h2>\n<p style=\"text-align: left;\">Nos tomamos muy en serio la protecci\u00f3n de sus datos personales. Tramitamos sus datos personales de acuerdo con las normas de privacidad legales, as\u00ed como esta declaraci\u00f3n de protecci\u00f3n de datos.<br \/>\nEl uso de nuestra p\u00e1gina web es posible por lo general sin la introducci\u00f3n de datos personales. En el caso de que se recopilen datos personales (por ejemplo, nombre, domicilio o direcciones de correo postal) en nuestras p\u00e1ginas, se realizar\u00e1, en tanto que sea posible, siempre de manera voluntaria.<\/p>\n<h2 style=\"text-align: left;\">Bolet\u00edn informativo por correo electr\u00f3nico<\/h2>\n<p style=\"text-align: left;\">Marcando la casilla, consiente usted que el responsable legal a trav\u00e9s de un bolet\u00edn informativo por correo electr\u00f3nico notifique sobre ULBRICHTS GMBH y nuestros productos, utilizando los datos personales indicados por usted.<br \/>\nNo hay ninguna obligaci\u00f3n legal o contractual para proporcionar datos personales. El no consentimiento tiene exclusivamente como consecuencia que usted no recibir\u00e1 el bolet\u00edn informativo por correo electr\u00f3nico.<br \/>\nTiene derecho a revocar su consentimiento en todo momento por comunicaci\u00f3n escrita o haciendo clic en el enlace de darse de baja en el bolet\u00edn informativo por correo electr\u00f3nico. Ello no afecta la legalidad del tratamiento llevado a cabo a ra\u00edz del consentimiento hasta la revocaci\u00f3n.<br \/>\nAsimismo, puede objetar de la misma manera la utilizaci\u00f3n de sus datos personales para la publicidad directa. En caso de objeci\u00f3n, sus datos personales dejar\u00e1n de tramitarse para la publicidad directa en forma de bolet\u00edn informativo por correo electr\u00f3nico.<\/p>\n<h2 style=\"text-align: left;\">Cookies<\/h2>\n<p style=\"text-align: left;\">Esta p\u00e1gina web utiliza cookies.<br \/>\nLas cookies hacen que las p\u00e1ginas web sean m\u00e1s f\u00e1ciles de usar y m\u00e1s eficientes para el usuario. Una cookie es un peque\u00f1o archivo de texto que sirve para almacenar informaci\u00f3n. Visitando una p\u00e1gina web, \u00e9sta puede poner una cookie en el ordenador del visitante. Si el usuario visita la p\u00e1gina m\u00e1s tarde, la p\u00e1gina web puede leer los datos de la cookie almacenada anteriormente y as\u00ed, por ejemplo, constatar que el usuario ya ha visitado la p\u00e1gina web y qu\u00e9 secciones de la p\u00e1gina web han sido de especial inter\u00e9s para el usuario.<br \/>\nM\u00e1s informaci\u00f3n sobre las cookies la encontrar\u00e1 en <a href=\"http:\/\/de.wikipedia.org\/wiki\/HTTP-Cookie\" target=\"_blank\" rel=\"noopener noreferrer\">WIKIPEDIA<\/a>.<\/p>\n<h3 style=\"text-align: left;\">Modificar la configuraci\u00f3n de las cookies<\/h3>\n<p style=\"text-align: left;\">C\u00f3mo trata el navegador web las cookies, cu\u00e1les se permiten y cu\u00e1les se rechazan, el usuario lo puede establecer en los ajustes del navegador web. Depende de cada navegador web d\u00f3nde se encuentran estos ajustes. M\u00e1s informaci\u00f3n detallada se puede obtener en la funci\u00f3n de ayuda del navegador web correspondiente.<br \/>\nSi se limita el uso de cookies, no se podr\u00e1n utilizar de manera integral todas las funciones de esta p\u00e1gina web.<\/p>\n<h3 style=\"text-align: left;\">Cookies en nuestra p\u00e1gina web<\/h3>\n<p style=\"text-align: left;\">Nuestra p\u00e1gina web procesa las siguientes cookies:<\/p>\n<ul style=\"text-align: left;\">\n<li>Cookies completamente necesarias para garantizar las funciones b\u00e1sicas de la p\u00e1gina web.\n<ul>\n<li>Cookie de consentimiento:\u00a0sirve para almacenar el consentimiento para el uso de las cookies.<\/li>\n<li>gaOptout, maOptout, fbOptout: sirve para almacenar Optouts de Google Analytics, Matomo, Facebook Pixel.<\/li>\n<\/ul>\n<\/li>\n<li>Cookies funcionales para garantizar el rendimiento de la p\u00e1gina web<\/li>\n<li>Cookies de rendimiento para mejorar la experiencia del usuario.\n<ul>\n<li>Google Analytics (v\u00e9ase m\u00e1s abajo)<\/li>\n<li>Facebook Pixel (v\u00e9ase m\u00e1s abajo)<\/li>\n<\/ul>\n<\/li>\n<li>Cookies de publicidad para controlar las campa\u00f1as de publicidad.<\/li>\n<\/ul>\n<h2 style=\"text-align: left;\">Archivos de registro del servidor<\/h2>\n<p style=\"text-align: left;\">Esta p\u00e1gina web tramita con el fin de la supervisi\u00f3n del funcionamiento t\u00e9cnico y el incremento de la seguridad del servidor de la web en base al inter\u00e9s justificado predominante del responsable (medidas de seguridad t\u00e9cnicas) los siguientes datos personales en un archivo de registro del servidor:<\/p>\n<ul style=\"text-align: left;\">\n<li>Contenido al que se accede<\/li>\n<li>Hora de la solicitud del servidor<\/li>\n<li>Tipo de navegador \/ versi\u00f3n del navegador<\/li>\n<li>Sistema operativo utilizado<\/li>\n<li>Remitente URL<\/li>\n<li>Direcci\u00f3n IP<\/li>\n<li>Nombre de equipo<\/li>\n<\/ul>\n<p style=\"text-align: left;\">Estos datos se almacenar\u00e1n de manera personal temporalmente por una duraci\u00f3n de cuatro horas. Despu\u00e9s se hacen an\u00f3nimos la direcci\u00f3n IP y el nombre de equipo.<\/p>\n<h2 style=\"text-align: left;\">Google Analytics<\/h2>\n<p style=\"text-align: left;\">Esta p\u00e1gina web utiliza Google Analytics, un servicio de an\u00e1lisis de web de Google Inc, 1600 Amphitheatre Parkway Mountain View, CA 94043, Estados Unidos (\u201cGoogle\u201d) con base legal al inter\u00e9s justificado predominante (an\u00e1lisis del uso de la p\u00e1gina web). Para ello, hemos firmado un contrato con Google para el tratamiento de datos.<br \/>\nAccediendo a nuestra p\u00e1gina web se produce a trav\u00e9s de un software una conexi\u00f3n a los servidores de Google y los datos se transmiten en partes a los servidores de Google que se encuentran en los Estados Unidos. Google Analytics utiliza adem\u00e1s cookies para almacenar informaci\u00f3n sobre el usuario de la p\u00e1gina web y para el an\u00e1lisis del uso de la p\u00e1gina web por parte del usuario.<br \/>\nEsta p\u00e1gina web utiliza la funci\u00f3n \u201canonimato del IP\u201d. De esta manera, Google abrevia y con ello hace an\u00f3nima su direcci\u00f3n de IP en los Estados miembros de la Uni\u00f3n Europa o en otros Estados contratantes del acuerdo sobre el Espacio Econ\u00f3mico Europeo. S\u00f3lo en casos excepcionales, se transmitir\u00e1 la direcci\u00f3n de IP completa a un servidor de Google en los Estados Unidos y se abreviar\u00e1 all\u00ed.<br \/>\nSeg\u00fan informaci\u00f3n de Google, Google utilizar\u00e1 los datos recopilados para la evaluaci\u00f3n del uso de la p\u00e1gina web, para realizar informes sobre las actividades de la p\u00e1gina web y para proporcionar m\u00e1s prestaciones relacionadas con el uso de la p\u00e1gina web y de internet.<br \/>\nGoogle transmitir\u00e1 esta informaci\u00f3n a terceros, en tanto que est\u00e9 prescrito legalmente o estos terceros tramiten datos por encargo de Google.<br \/>\nInformaci\u00f3n detallada sobre el tratamiento de los datos de usuario por parte de Google Analytics la encontrar\u00e1 en la declaraci\u00f3n de protecci\u00f3n de datos de <a href=\"https:\/\/www.google.com\/intl\/de\/policies\/privacy\/\">Google<\/a> o <a href=\"https:\/\/support.google.com\/analytics\/answer\/6004245?hl=de\">Google Analytics<\/a>.<\/p>\n<h3 style=\"text-align: left;\">Desactivar Google Analytics<\/h3>\n<ul style=\"text-align: left;\">\n<li>Puede impedir la recopilaci\u00f3n de sus datos de usuario por parte de Google Analytics <strong>s\u00f3lo en esta p\u00e1gina web<\/strong>, haciendo clic en el siguiente enlace. Se instalar\u00e1 una cookie opt-out que impedir\u00e1 la recopilaci\u00f3n de sus datos en futuras visitas de la p\u00e1gina web: <a class=\"ga_opt_out\" href=\"#\" rel=\"nofollow\">Desactivar Google Analytics <\/a>.<\/li>\n<\/ul>\n<h2 style=\"text-align: left;\">Facebook Pixel<\/h2>\n<p style=\"text-align: left;\">Esta p\u00e1gina web utilizar Facebook Pixel, un servicio de an\u00e1lisis de web de Facebook Ireland Limited, 4 Grand Canal Square, Dubl\u00edn 2, Irlanda (\u201cFacebook\u201d) en base legal al inter\u00e9s justificado predominante (an\u00e1lisis del uso de la p\u00e1gina web). Para ello, hemos firmado un contrato con Facebook para el tratamiento de datos. Los datos se transmitir\u00e1n en parte a los Estados Unidos. La transmisi\u00f3n de los datos a los Estados Unidos se realiza en base a Privacy Shields.<br \/>\nAccediendo a nuestra p\u00e1gina web se produce a trav\u00e9s de un software una conexi\u00f3n a los servidores de Facebook y los datos se transmiten en partes a los servidores de Facebook que se encuentran en los Estados Unidos. Facebook Pixel utiliza adem\u00e1s cookies para almacenar informaci\u00f3n sobre el usuario de la p\u00e1gina web y para el an\u00e1lisis del uso de la p\u00e1gina web por parte del usuario.<br \/>\nSeg\u00fan informaci\u00f3n de Facebook, Facebook utilizar\u00e1 los datos recopilados para la evaluaci\u00f3n del uso de la p\u00e1gina web, para realizar informes sobre las actividades de la p\u00e1gina web y para proporcionar m\u00e1s prestaciones relacionadas con el uso de la p\u00e1gina web y de internet.<br \/>\nFacebook transmitir\u00e1 esta informaci\u00f3n a terceros, en tanto que est\u00e9 prescrito legalmente o estos terceros tramiten datos por encargo de Facebook.<br \/>\nInformaci\u00f3n detallada sobre el tratamiento de los datos de usuario por parte de Facebook la encontrar\u00e1 en la declaraci\u00f3n de protecci\u00f3n de datos de <a href=\"https:\/\/www.facebook.com\/privacy\/explanation\">Facebook<\/a>.<\/p>\n<h3 style=\"text-align: left;\">Desactivar Facebook Pixel<\/h3>\n<ul style=\"text-align: left;\">\n<li>Puede impedir la recopilaci\u00f3n de sus datos de usuario por parte de Facebook Pixel en esta p\u00e1gina web haciendo clic en el siguiente enlace. Se instalar\u00e1 una cookie opt-out que impedir\u00e1 la recopilaci\u00f3n de sus datos en futuras visitas de la p\u00e1gina web: <a href=\"javacript:fbOptout()\">Desactivar Facebook Pixel<\/a>.<\/li>\n<\/ul>\n<h2 style=\"text-align: left;\">Sus derechos<\/h2>\n<p style=\"text-align: left;\">Tiene derecho a informaci\u00f3n, correcci\u00f3n, eliminaci\u00f3n y limitaci\u00f3n del tratamiento de los datos personales.<br \/>\nEn tanto que la base legal del tratamiento de sus datos personales sea su consentimiento o un contrato firmado por usted tiene adem\u00e1s derecho a la transmisi\u00f3n de datos.<br \/>\nTiene derecho a la revocaci\u00f3n de un consentimiento impartido para el tratamiento de sus datos personales. La legalidad del tratamiento de los datos personales hasta la revocaci\u00f3n no queda afectada.<br \/>\nTiene derecho a la objeci\u00f3n contra el tratamiento de sus datos personales con el fin de publicidad directa. En caso de objeci\u00f3n, sus datos personales dejar\u00e1n de tramitarse para la publicidad directa.<br \/>\nAsimismo, tiene derecho a presentar una queja a la autoridad reguladora (\u00d6sterreichische Datenschutzbeh\u00f6rde, Wickenburggasse 8, 1080, Viena, dsb@dsb.gv.at).<\/p>\n","protected":false},"excerpt":{"rendered":"<p>Responsable del tratamiento de sus datos personales en nuestra p\u00e1gina web es ULBRICHTS GMBH. Los datos sobre ULBRICHTS GMBH los encontrar\u00e1 en el Aviso Legal. Protecci\u00f3n de datos Nos tomamos muy en serio la protecci\u00f3n de sus datos personales. Tramitamos sus datos personales de acuerdo con las normas de privacidad legales, as\u00ed como esta declaraci\u00f3n [&hellip;]<\/p>\n","protected":false},"author":1,"featured_media":0,"parent":0,"menu_order":1010,"comment_status":"closed","ping_status":"closed","template":"","meta":{"_acf_changed":false,"footnotes":""},"class_list":["post-1314","page","type-page","status-publish","hentry"],"acf":[],"_links":{"self":[{"href":"https:\/\/www.ulbrichts.com\/automotive\/es\/wp-json\/wp\/v2\/pages\/1314","targetHints":{"allow":["GET"]}}],"collection":[{"href":"https:\/\/www.ulbrichts.com\/automotive\/es\/wp-json\/wp\/v2\/pages"}],"about":[{"href":"https:\/\/www.ulbrichts.com\/automotive\/es\/wp-json\/wp\/v2\/types\/page"}],"author":[{"embeddable":true,"href":"https:\/\/www.ulbrichts.com\/automotive\/es\/wp-json\/wp\/v2\/users\/1"}],"replies":[{"embeddable":true,"href":"https:\/\/www.ulbrichts.com\/automotive\/es\/wp-json\/wp\/v2\/comments?post=1314"}],"version-history":[{"count":2,"href":"https:\/\/www.ulbrichts.com\/automotive\/es\/wp-json\/wp\/v2\/pages\/1314\/revisions"}],"predecessor-version":[{"id":1328,"href":"https:\/\/www.ulbrichts.com\/automotive\/es\/wp-json\/wp\/v2\/pages\/1314\/revisions\/1328"}],"wp:attachment":[{"href":"https:\/\/www.ulbrichts.com\/automotive\/es\/wp-json\/wp\/v2\/media?parent=1314"}],"curies":[{"name":"wp","href":"https:\/\/api.w.org\/{rel}","templated":true}]}}