{"id":1641,"date":"2019-04-09T14:55:20","date_gmt":"2019-04-09T14:55:20","guid":{"rendered":"https:\/\/www.ulbrichts.com\/automotive\/forschung\/"},"modified":"2019-07-12T09:07:51","modified_gmt":"2019-07-12T09:07:51","slug":"investigacion","status":"publish","type":"page","link":"https:\/\/www.ulbrichts.com\/automotive\/es\/investigacion\/","title":{"rendered":"Investigaci\u00f3n"},"content":{"rendered":"<p>Conceptos nuevos exigen el coraje de cambiar las cosas. Esto es especialmente v\u00e1lido para la rama automovil\u00edstica que siempre ha impulsado nuevas tendencias y tecnolog\u00edas futuras. Propulsi\u00f3n el\u00e9ctrica y coches aut\u00f3nomos son s\u00f3lo dos palabras claves que caracterizar\u00e1n el coche del ma\u00f1ana.<\/p>\n<p>En <span class=\"no_hyphens\">ULBRICHTS<\/span> Automotive nos enfrentamos consecuentemente con los retos de nuestros clientes y les ayudamos como socio de desarrollo en la aplicaci\u00f3n. Para ello, seguimos las tendencias y desarrollos actuales y experimentamos con nuevos materiales y tecnolog\u00edas. Siempre con la finalidad de hacer un poco mejor nuestros productos y procesos y encontrar nuevas soluciones. No solos, sino en estrecha interacci\u00f3n con nuestros clientes. Nuestros equipos interdisciplinares utilizan, entre otros, los siguientes m\u00e9todos:<\/p>\n","protected":false},"excerpt":{"rendered":"<p>Conceptos nuevos exigen el coraje de cambiar las cosas. Esto es especialmente v\u00e1lido para la rama automovil\u00edstica que siempre ha impulsado nuevas tendencias y tecnolog\u00edas futuras. Propulsi\u00f3n el\u00e9ctrica y coches aut\u00f3nomos son s\u00f3lo dos palabras claves que caracterizar\u00e1n el coche del ma\u00f1ana. En ULBRICHTS Automotive nos enfrentamos consecuentemente con los retos de nuestros clientes y [&hellip;]<\/p>\n","protected":false},"author":1,"featured_media":0,"parent":0,"menu_order":20,"comment_status":"closed","ping_status":"closed","template":"page-slider.php","meta":{"_acf_changed":false,"footnotes":""},"class_list":["post-1641","page","type-page","status-publish","hentry"],"acf":[],"_links":{"self":[{"href":"https:\/\/www.ulbrichts.com\/automotive\/es\/wp-json\/wp\/v2\/pages\/1641","targetHints":{"allow":["GET"]}}],"collection":[{"href":"https:\/\/www.ulbrichts.com\/automotive\/es\/wp-json\/wp\/v2\/pages"}],"about":[{"href":"https:\/\/www.ulbrichts.com\/automotive\/es\/wp-json\/wp\/v2\/types\/page"}],"author":[{"embeddable":true,"href":"https:\/\/www.ulbrichts.com\/automotive\/es\/wp-json\/wp\/v2\/users\/1"}],"replies":[{"embeddable":true,"href":"https:\/\/www.ulbrichts.com\/automotive\/es\/wp-json\/wp\/v2\/comments?post=1641"}],"version-history":[{"count":4,"href":"https:\/\/www.ulbrichts.com\/automotive\/es\/wp-json\/wp\/v2\/pages\/1641\/revisions"}],"predecessor-version":[{"id":2469,"href":"https:\/\/www.ulbrichts.com\/automotive\/es\/wp-json\/wp\/v2\/pages\/1641\/revisions\/2469"}],"wp:attachment":[{"href":"https:\/\/www.ulbrichts.com\/automotive\/es\/wp-json\/wp\/v2\/media?parent=1641"}],"curies":[{"name":"wp","href":"https:\/\/api.w.org\/{rel}","templated":true}]}}