{"id":231,"date":"2019-04-09T09:01:30","date_gmt":"2019-04-09T09:01:30","guid":{"rendered":"https:\/\/www.ulbrichts.com\/automotive\/home\/"},"modified":"2020-07-06T12:17:15","modified_gmt":"2020-07-06T12:17:15","slug":"home","status":"publish","type":"page","link":"https:\/\/www.ulbrichts.com\/automotive\/es\/","title":{"rendered":"Home"},"content":{"rendered":"<p>Los coches de hoy tienen muchas caras. En <span class=\"no_hyphens\">ULBRICHTS<\/span> Automotive le damos sus nombres. Cuatro anillos identifican un AUDI, la h\u00e9lice azul y blanca hace que un BMW sea inconfundible y un Golf se convierte en un deportivo de raza con el logotipo GTI.<\/p>\n<p><span class=\"no_hyphens\">ULBRICHTS<\/span> Automotive es un l\u00edder tecnol\u00f3gico y de mercado en Europa en el segmento de los emblemas, los logotipos y los elementos de dise\u00f1o. Nuestros productos garantizan una imagen perfecta de la marca correspondiente. Asimismo, se cumplen todas las exigencias y deseos de nuestros clientes en relaci\u00f3n con la \u00f3ptica, el tacto y la precisi\u00f3n. Representan emoci\u00f3n, prestaci\u00f3n y exclusividad, marcan tendencias e integran funciones inteligentes. Garantizamos esta calidad durante toda la vida del coche: independientemente de las influencias externas como condiciones meteorol\u00f3gicas extremas, desprendimientos de rocas o agentes de limpieza agresivos.<\/p>\n<p>Nuestra diversidad de tecnolog\u00eda y de productos es el resultado de procesos constantemente optimizados. Gracias al conocimiento de nuestros ingenieros y de una fabricaci\u00f3n de herramientas propia, las ideas se convierten en prototipos en tiempo r\u00e9cord. Hemos hecho nuestro punto fuerte los retos especiales del desarrollo y la producci\u00f3n en el coraz\u00f3n de Europa gracias a un elevado grado de automatizaci\u00f3n: ofrecemos elevados n\u00fameros de unidades de calidad perfecta a precios atractivos. <span class=\"no_hyphens\">ULBRICHTS<\/span> Automotive produce diariamente de manera automatizada alrededor de 100.000 emblemas, logotipos y elementos de dise\u00f1o para los m\u00e1s grandes fabricantes de coches de todo el mundo.<\/p>\n","protected":false},"excerpt":{"rendered":"<p>Los coches de hoy tienen muchas caras. En ULBRICHTS Automotive le damos sus nombres. Cuatro anillos identifican un AUDI, la h\u00e9lice azul y blanca hace que un BMW sea inconfundible y un Golf se convierte en un deportivo de raza con el logotipo GTI. ULBRICHTS Automotive es un l\u00edder tecnol\u00f3gico y de mercado en Europa [&hellip;]<\/p>\n","protected":false},"author":1,"featured_media":0,"parent":0,"menu_order":0,"comment_status":"closed","ping_status":"closed","template":"page-video_bg.php","meta":{"_acf_changed":false,"footnotes":""},"class_list":["post-231","page","type-page","status-publish","hentry"],"acf":[],"_links":{"self":[{"href":"https:\/\/www.ulbrichts.com\/automotive\/es\/wp-json\/wp\/v2\/pages\/231","targetHints":{"allow":["GET"]}}],"collection":[{"href":"https:\/\/www.ulbrichts.com\/automotive\/es\/wp-json\/wp\/v2\/pages"}],"about":[{"href":"https:\/\/www.ulbrichts.com\/automotive\/es\/wp-json\/wp\/v2\/types\/page"}],"author":[{"embeddable":true,"href":"https:\/\/www.ulbrichts.com\/automotive\/es\/wp-json\/wp\/v2\/users\/1"}],"replies":[{"embeddable":true,"href":"https:\/\/www.ulbrichts.com\/automotive\/es\/wp-json\/wp\/v2\/comments?post=231"}],"version-history":[{"count":46,"href":"https:\/\/www.ulbrichts.com\/automotive\/es\/wp-json\/wp\/v2\/pages\/231\/revisions"}],"predecessor-version":[{"id":2610,"href":"https:\/\/www.ulbrichts.com\/automotive\/es\/wp-json\/wp\/v2\/pages\/231\/revisions\/2610"}],"wp:attachment":[{"href":"https:\/\/www.ulbrichts.com\/automotive\/es\/wp-json\/wp\/v2\/media?parent=231"}],"curies":[{"name":"wp","href":"https:\/\/api.w.org\/{rel}","templated":true}]}}