{"id":1313,"date":"2019-04-09T09:03:29","date_gmt":"2019-04-09T09:03:29","guid":{"rendered":"https:\/\/www.ulbrichts.com\/automotive\/datenschutzerklaerung\/"},"modified":"2019-05-07T12:11:29","modified_gmt":"2019-05-07T12:11:29","slug":"declaration-de-confidentialite","status":"publish","type":"page","link":"https:\/\/www.ulbrichts.com\/automotive\/fr\/declaration-de-confidentialite\/","title":{"rendered":"D\u00e9claration de confidentialit\u00e9"},"content":{"rendered":"<p style=\"text-align: left;\">Le responsable du traitement de vos donn\u00e9es personnelles sur notre site web est ULBRICHTS GMBH. Les donn\u00e9es d\u2019ULBRICHTS GMBH sont disponibles dans\u00a0les <a href=\"https:\/\/www.ulbrichts.com\/protection\/fr\/mentions-legales\/\">Mentions l\u00e9gales<\/a>.<\/p>\n<h2 style=\"text-align: left;\">Protection des donn\u00e9es<\/h2>\n<p style=\"text-align: left;\">Nous prenons la protection de vos donn\u00e9es personnelles tr\u00e8s au s\u00e9rieux. Nous traitons vos donn\u00e9es personnelles conform\u00e9ment aux dispositions l\u00e9gales de protection des donn\u00e9es et \u00e0 la pr\u00e9sente d\u00e9claration de protection des donn\u00e9es.<br \/>\nL&rsquo;utilisation de notre site Web est g\u00e9n\u00e9ralement possible sans fournir de donn\u00e9es personnelles. Dans la mesure o\u00f9 des donn\u00e9es personnelles (par exemple le nom, l&rsquo;adresse ou l&rsquo;adresse e-mail) sont collect\u00e9es sur notre site, cela se fait, dans la mesure du possible, toujours sur une base volontaire.<\/p>\n<h2 style=\"text-align: left;\">Newsletter par email<\/h2>\n<p style=\"text-align: left;\">En cochant la case, vous acceptez le traitement des donn\u00e9es personnelles que vous avez saisies, \u00e0 des fins d&rsquo;information, sur\u00a0ULBRICHTS GMBH et nos produits via un bulletin d&rsquo;information \u00e9lectronique par la personne responsable de la protection des donn\u00e9es jusqu&rsquo;\u00e0 r\u00e9vocation ou opposition.<br \/>\nIl n&rsquo;existe aucune obligation l\u00e9gale ou contractuelle destin\u00e9e \u00e0 fournir des donn\u00e9es personnelles. Si vous ne donnez pas votre consentement, vous ne recevrez pas de bulletin d&rsquo;information par courriel.<br \/>\nVous avez le droit de r\u00e9voquer votre consentement \u00e0 tout moment, par notification \u00e9crite ou en cliquant sur le lien de d\u00e9sabonnement dans le bulletin \u00e9lectronique, sans que ne soit affect\u00e9e la l\u00e9galit\u00e9 du traitement effectu\u00e9 sur la base du consentement jusqu&rsquo;\u00e0 la r\u00e9vocation.<br \/>\nDe la m\u00eame mani\u00e8re, vous pouvez \u00e9galement vous opposer \u00e0 l&rsquo;utilisation de vos donn\u00e9es personnelles \u00e0 des fins de marketing direct. En cas d&rsquo;opposition, vos donn\u00e9es personnelles ne seront plus trait\u00e9es \u00e0 des fins de marketing direct sous la forme d&rsquo;un bulletin d&rsquo;information \u00e9lectronique.<\/p>\n<h2 style=\"text-align: left;\">Cookies<\/h2>\n<p style=\"text-align: left;\">Ce site Web utilise des cookies.<br \/>\nLes cookies rendent les sites Web plus conviviaux et plus efficaces pour l&rsquo;utilisateur. Un cookie est un petit fichier texte utilis\u00e9 pour stocker des informations. Lors de la visite d&rsquo;un site Web, le site Web peut placer un cookie sur l&rsquo;ordinateur du visiteur. Si ce dernier revisite plus tard le Web, le site Web pourra lire les donn\u00e9es du cookie stock\u00e9 pr\u00e9c\u00e9demment et ainsi d\u00e9terminer, par exemple, si l&rsquo;utilisateur a d\u00e9j\u00e0 visit\u00e9 le site Web et quelles zones du site Web ont plus particuli\u00e8rement int\u00e9ress\u00e9 l&rsquo;utilisateur.<br \/>\nVous trouverez plus d&rsquo;informations sur les sur\u00a0<a href=\"http:\/\/de.wikipedia.org\/wiki\/HTTP-Cookie\">WIKIPEDIA<\/a>.<\/p>\n<h3 style=\"text-align: left;\">Modifier les param\u00e8tres des cookies<\/h3>\n<p style=\"text-align: left;\">La mani\u00e8re dont le navigateur Web g\u00e8re les cookies, quels cookies sont autoris\u00e9s ou refus\u00e9s, peut \u00eatre d\u00e9finie par l&rsquo;utilisateur dans les param\u00e8tres du navigateur Web. L&#8217;emplacement exact de ces param\u00e8tres d\u00e9pend du type de navigateur Web. Des informations d\u00e9taill\u00e9es sont disponibles via la fonction d&rsquo;aide du navigateur Web respectif.<br \/>\nSi l&rsquo;utilisation des cookies est limit\u00e9e, toutes les fonctions de ce site Web peuvent ne pas \u00eatre pleinement utilisables.<\/p>\n<h3 style=\"text-align: left;\">Cookies sur notre site Web<\/h3>\n<p style=\"text-align: left;\">Notre site Web traite les cookies suivants:<\/p>\n<ul style=\"text-align: left;\">\n<li>Cookies absolument n\u00e9cessaires pour assurer les fonctions de base du site web.\n<ul>\n<li>Consentement Cookie\u00a0:\u00a0Utilis\u00e9 pour stocker le consentement \u00e0 la l&rsquo;utilisation de cookies.<\/li>\n<li>GaOptout, maOptout, fbOptout\u00a0: Utilis\u00e9s pour stocker l&rsquo;opt-out de Google Analytics, Matomo, Facebook Pixel.<\/li>\n<\/ul>\n<\/li>\n<li>Cookies fonctionnels pour assurer la performance du site Web<\/li>\n<li>Cookies de performance pour am\u00e9liorer l&rsquo;exp\u00e9rience de l&rsquo;utilisateur.\n<ul>\n<li>Google Analytics (voir ici)<\/li>\n<li>Facebook Pixel (voir ici)<\/li>\n<\/ul>\n<\/li>\n<li>Cookies publicitaires pour contr\u00f4ler les campagnes publicitaires.<\/li>\n<\/ul>\n<h2 style=\"text-align: left;\">Server Log File<\/h2>\n<p style=\"text-align: left;\">Ce site Web traite les donn\u00e9es personnelles suivantes dans un fichier journal du serveur dans le but de surveiller la fonction technique et d&rsquo;augmenter la s\u00e9curit\u00e9 op\u00e9rationnelle du serveur Web sur la base de l&rsquo;int\u00e9r\u00eat l\u00e9gitime sup\u00e9rieur de la personne responsable (mesures techniques de s\u00e9curit\u00e9):<\/p>\n<ul style=\"text-align: left;\">\n<li>Contenu consult\u00e9<\/li>\n<li>Heure d&rsquo;interrogation du serveur<\/li>\n<li>Type de navigateur \/ Version du navigateur<\/li>\n<li>Syst\u00e8me d&rsquo;exploitation utilis\u00e9<\/li>\n<li>URL de r\u00e9f\u00e9rence<\/li>\n<li>Adresse IP<\/li>\n<li>Nom d&rsquo;h\u00f4te<\/li>\n<\/ul>\n<p style=\"text-align: left;\">Ces donn\u00e9es ne sont stock\u00e9es que temporairement pendant une p\u00e9riode de quatre heures. Puis l&rsquo;adresse IP et le nom d&rsquo;h\u00f4te sont alors anonymis\u00e9s.<\/p>\n<h2 style=\"text-align: left;\">Google Analytics<\/h2>\n<p style=\"text-align: left;\">Ce site web utilise Google Analytics, un service d&rsquo;analyse web de Google Inc, 1600 Amphith\u00e9\u00e2tre Parkway Mountain View, CA 94043, USA (\u00ab\u00a0Google\u00a0\u00bb) sur la base l\u00e9gale de l&rsquo;int\u00e9r\u00eat l\u00e9gitime sup\u00e9rieur (analyse de l&rsquo;utilisation du site web). \u00c0 cet effet, nous avons conclu un contrat avec Google pour le traitement des donn\u00e9es de commande.<br \/>\nLorsque vous visitez notre site Web, une connexion aux serveurs de Google est \u00e9tablie via un logiciel et les donn\u00e9es sont transmises \u00e0 des serveurs de Google, dont certains sont situ\u00e9s aux \u00c9tats-Unis. Google Analytics a \u00e9galement recours \u00e0 des cookies pour stocker des informations sur l&rsquo;utilisateur du site Web et pour analyser l&rsquo;utilisation du site Web par les utilisateurs du site Web.<br \/>\nCe site web utilise la fonction \u00ab\u00a0Anonymisation d&rsquo;IP\u00a0\u00bb. En cons\u00e9quence, votre adresse IP Google dans les \u00c9tats membres de l&rsquo;Union europ\u00e9enne ou dans d&rsquo;autres \u00c9tats signataires de l&rsquo;Accord sur l&rsquo;Espace \u00e9conomique europ\u00e9en sera r\u00e9duite et donc pr\u00e9alablement anonymis\u00e9e. Ce n&rsquo;est que dans des cas exceptionnels que l&rsquo;adresse IP compl\u00e8te sera transmise \u00e0 un serveur Google aux Etats-Unis o\u00f9 elle sera raccourcie.<br \/>\nSelon Google, Google utilisera les donn\u00e9es collect\u00e9es pour \u00e9valuer l&rsquo;utilisation du site Web, pour \u00e9tablir des rapports sur les activit\u00e9s du site Web et pour fournir d&rsquo;autres services li\u00e9s \u00e0 l&rsquo;utilisation du site Web et d&rsquo;Internet.<br \/>\nGoogle peut aussi transmettre ces informations \u00e0 des tiers si la loi l&rsquo;exige ou si des tiers traitent ces donn\u00e9es pour le compte de Google.<br \/>\nVous trouverez des informations d\u00e9taill\u00e9es sur le traitement des donn\u00e9es utilisateur chez Google Analytics dans la politique de confidentialit\u00e9 de <a href=\"https:\/\/www.google.com\/intl\/de\/policies\/privacy\/\">Google<\/a> ou bien de <a href=\"https:\/\/support.google.com\/analytics\/answer\/6004245?hl=de\">Google Analytics<\/a>.<\/p>\n<h3 style=\"text-align: left;\">D\u00e9sactiver Google Analytics<\/h3>\n<ul style=\"text-align: left;\">\n<li>Vous pouvez emp\u00eacher Google Analytics de collecter vos informations utilisateur <strong>uniquement sur ce site Web<\/strong>, en cliquant sur le lien suivant. Un cookie opt-out est mis en place pour emp\u00eacher la collecte de vos donn\u00e9es lors de vos visites futures sur ce site Web: <a class=\"ga_opt_out\" href=\"#\" rel=\"nofollow\">D\u00e9sactiver Google Analytics <\/a>.<\/li>\n<\/ul>\n<h2 style=\"text-align: left;\">Facebook Pixel<\/h2>\n<p style=\"text-align: left;\">Ce site Web utilise Facebook Pixel, un service d&rsquo;analyse Web de Facebook Ireland Limited, 4 Grand Canal Square, Dublin 2, Irlande (\u00ab\u00a0Facebook\u00a0\u00bb) sur la base juridique de l&rsquo;int\u00e9r\u00eat sup\u00e9rieur l\u00e9gitime (analyse de l&rsquo;utilisation du site Web). \u00c0 cet effet, nous avons conclu un contrat avec Facebook pour le traitement des donn\u00e9es de commande. Une partie des donn\u00e9es est transf\u00e9r\u00e9e vers les \u00c9tats-Unis. La transmission des donn\u00e9es vers les \u00c9tats-Unis s&rsquo;effectue sur la base du bouclier de protection de la vie priv\u00e9e.<br \/>\nLors de l&rsquo;acc\u00e8s \u00e0 notre site Web, une connexion logicielle est \u00e9tablie avec les serveurs Facebook et les donn\u00e9es sont transmises \u00e0 des serveurs Facebook, dont certains sont situ\u00e9s aux \u00c9tats-Unis. Facebook Pixel utilise, en outre, des cookies pour stocker des informations sur l&rsquo;utilisateur du site Web et pour analyser l&rsquo;utilisation du site Web par les utilisateurs du site Web.<br \/>\nSelon Facebook, Facebook utilisera les donn\u00e9es recueillies pour \u00e9valuer l&rsquo;utilisation du site Web, pour compiler des rapports sur l&rsquo;activit\u00e9 du site Web et pour fournir d&rsquo;autres services li\u00e9s \u00e0 l&rsquo;utilisation du site Web et d&rsquo;Internet.<br \/>\nFacebook pourra aussi transf\u00e9rer ces informations \u00e0 des tiers lorsque la loi l&rsquo;exige ou lorsque ces tiers, mandat\u00e9s par Facebook, traitent les informations.<br \/>\nLa Politique de confidentialit\u00e9 de Facebook contient des informations d\u00e9taill\u00e9es sur la fa\u00e7on dont les informations des utilisateurs sont utilis\u00e9es par <a href=\"https:\/\/www.facebook.com\/privacy\/explanation\">Facebook<\/a>.<\/p>\n<h3 style=\"text-align: left;\">D\u00e9sactiver Facebook Pixel<\/h3>\n<ul style=\"text-align: left;\">\n<li>Vous pouvez emp\u00eacher Facebook Pixel de collecter vos informations d&rsquo;utilisateur sur ce site en cliquant sur le lien suivant. Un cookie opt-out est mis en place pour emp\u00eacher la collecte de vos donn\u00e9es lors de vos visites futures sur ce site Web: <a href=\"javacript:fbOptout()\">D\u00e9sactiver Facebook pixels <\/a>.<\/li>\n<\/ul>\n<h2 style=\"text-align: left;\">Vos droits<\/h2>\n<p style=\"text-align: left;\">Vous disposez d&rsquo;un droit d&rsquo;information, de rectification, de suppression et de limitation du traitement des donn\u00e9es personnelles.<br \/>\nSi la base l\u00e9gale pour le traitement de vos donn\u00e9es personnelles est votre consentement ou un contrat conclu avec vous, vous avez \u00e9galement le droit \u00e0 la transf\u00e9rabilit\u00e9 des donn\u00e9es.<br \/>\nVous avez le droit de r\u00e9voquer tout consentement donn\u00e9 pour le traitement de vos donn\u00e9es personnelles. La l\u00e9galit\u00e9 du traitement des donn\u00e9es personnelles jusqu&rsquo;\u00e0 la r\u00e9vocation n&rsquo;est pas affect\u00e9e par la r\u00e9vocation.<br \/>\nVous avez le droit de vous opposer au traitement de vos donn\u00e9es personnelles \u00e0 des fins de marketing direct. En cas d&rsquo;opposition, vos donn\u00e9es personnelles ne seront plus trait\u00e9es \u00e0 des fins de marketing direct.<br \/>\nEn outre, vous disposez d&rsquo;un droit de recours aupr\u00e8s de l&rsquo;autorit\u00e9 de surveillance (\u00d6sterreichische Datenschutzbeh\u00f6rde, Wickenburggasse 8, 1080 Vienne, dsb@dsb.gv.at).<\/p>\n","protected":false},"excerpt":{"rendered":"<p>Le responsable du traitement de vos donn\u00e9es personnelles sur notre site web est ULBRICHTS GMBH. Les donn\u00e9es d\u2019ULBRICHTS GMBH sont disponibles dans\u00a0les Mentions l\u00e9gales. Protection des donn\u00e9es Nous prenons la protection de vos donn\u00e9es personnelles tr\u00e8s au s\u00e9rieux. Nous traitons vos donn\u00e9es personnelles conform\u00e9ment aux dispositions l\u00e9gales de protection des donn\u00e9es et \u00e0 la pr\u00e9sente [&hellip;]<\/p>\n","protected":false},"author":1,"featured_media":0,"parent":0,"menu_order":1010,"comment_status":"closed","ping_status":"closed","template":"","meta":{"_acf_changed":false,"footnotes":""},"class_list":["post-1313","page","type-page","status-publish","hentry"],"acf":[],"_links":{"self":[{"href":"https:\/\/www.ulbrichts.com\/automotive\/fr\/wp-json\/wp\/v2\/pages\/1313","targetHints":{"allow":["GET"]}}],"collection":[{"href":"https:\/\/www.ulbrichts.com\/automotive\/fr\/wp-json\/wp\/v2\/pages"}],"about":[{"href":"https:\/\/www.ulbrichts.com\/automotive\/fr\/wp-json\/wp\/v2\/types\/page"}],"author":[{"embeddable":true,"href":"https:\/\/www.ulbrichts.com\/automotive\/fr\/wp-json\/wp\/v2\/users\/1"}],"replies":[{"embeddable":true,"href":"https:\/\/www.ulbrichts.com\/automotive\/fr\/wp-json\/wp\/v2\/comments?post=1313"}],"version-history":[{"count":3,"href":"https:\/\/www.ulbrichts.com\/automotive\/fr\/wp-json\/wp\/v2\/pages\/1313\/revisions"}],"predecessor-version":[{"id":1326,"href":"https:\/\/www.ulbrichts.com\/automotive\/fr\/wp-json\/wp\/v2\/pages\/1313\/revisions\/1326"}],"wp:attachment":[{"href":"https:\/\/www.ulbrichts.com\/automotive\/fr\/wp-json\/wp\/v2\/media?parent=1313"}],"curies":[{"name":"wp","href":"https:\/\/api.w.org\/{rel}","templated":true}]}}