{"id":1640,"date":"2019-04-09T14:55:20","date_gmt":"2019-04-09T14:55:20","guid":{"rendered":"https:\/\/www.ulbrichts.com\/automotive\/forschung\/"},"modified":"2019-07-12T09:06:59","modified_gmt":"2019-07-12T09:06:59","slug":"recherche","status":"publish","type":"page","link":"https:\/\/www.ulbrichts.com\/automotive\/fr\/recherche\/","title":{"rendered":"Recherche"},"content":{"rendered":"<p>De nouveaux concepts exigent le courage de changer les choses. Cela vaut en particulier pour l&rsquo;industrie automobile, qui a toujours \u00e9t\u00e9 le moteur des nouvelles tendances et des technologies du futur. Entra\u00eenement \u00e9lectrique et conduite autonome ne sont que deux mots-cl\u00e9s qui fa\u00e7onneront la voiture de demain.<\/p>\n<p>Chez <span class=\"no_hyphens\">ULBRICHTS<\/span> Automotive, nous relevons constamment les d\u00e9fis de nos clients et les soutenons en tant que partenaire de d\u00e9veloppement solide. Nous suivons les tendances et les d\u00e9veloppements actuels et exp\u00e9rimentons avec de nouveaux mat\u00e9riaux et de nouvelles technologies. Toujours dans le but d&rsquo;am\u00e9liorer encore nos produits et nos processus et de trouver de nouvelles solutions. Pas seul, mais en \u00e9troite collaboration avec nos clients. Nos \u00e9quipes interdisciplinaires utilisent, entre autres, les m\u00e9thodes suivantes:<\/p>\n","protected":false},"excerpt":{"rendered":"<p>De nouveaux concepts exigent le courage de changer les choses. Cela vaut en particulier pour l&rsquo;industrie automobile, qui a toujours \u00e9t\u00e9 le moteur des nouvelles tendances et des technologies du futur. Entra\u00eenement \u00e9lectrique et conduite autonome ne sont que deux mots-cl\u00e9s qui fa\u00e7onneront la voiture de demain. Chez ULBRICHTS Automotive, nous relevons constamment les d\u00e9fis [&hellip;]<\/p>\n","protected":false},"author":1,"featured_media":0,"parent":0,"menu_order":20,"comment_status":"closed","ping_status":"closed","template":"page-slider.php","meta":{"_acf_changed":false,"footnotes":""},"class_list":["post-1640","page","type-page","status-publish","hentry"],"acf":[],"_links":{"self":[{"href":"https:\/\/www.ulbrichts.com\/automotive\/fr\/wp-json\/wp\/v2\/pages\/1640","targetHints":{"allow":["GET"]}}],"collection":[{"href":"https:\/\/www.ulbrichts.com\/automotive\/fr\/wp-json\/wp\/v2\/pages"}],"about":[{"href":"https:\/\/www.ulbrichts.com\/automotive\/fr\/wp-json\/wp\/v2\/types\/page"}],"author":[{"embeddable":true,"href":"https:\/\/www.ulbrichts.com\/automotive\/fr\/wp-json\/wp\/v2\/users\/1"}],"replies":[{"embeddable":true,"href":"https:\/\/www.ulbrichts.com\/automotive\/fr\/wp-json\/wp\/v2\/comments?post=1640"}],"version-history":[{"count":6,"href":"https:\/\/www.ulbrichts.com\/automotive\/fr\/wp-json\/wp\/v2\/pages\/1640\/revisions"}],"predecessor-version":[{"id":2467,"href":"https:\/\/www.ulbrichts.com\/automotive\/fr\/wp-json\/wp\/v2\/pages\/1640\/revisions\/2467"}],"wp:attachment":[{"href":"https:\/\/www.ulbrichts.com\/automotive\/fr\/wp-json\/wp\/v2\/media?parent=1640"}],"curies":[{"name":"wp","href":"https:\/\/api.w.org\/{rel}","templated":true}]}}