{"id":230,"date":"2019-04-09T09:01:30","date_gmt":"2019-04-09T09:01:30","guid":{"rendered":"https:\/\/www.ulbrichts.com\/automotive\/home\/"},"modified":"2020-07-06T12:17:12","modified_gmt":"2020-07-06T12:17:12","slug":"home","status":"publish","type":"page","link":"https:\/\/www.ulbrichts.com\/automotive\/fr\/","title":{"rendered":"Home"},"content":{"rendered":"<p>Les voitures d&rsquo;aujourd&rsquo;hui ont plusieurs visages. Chez <span class=\"no_hyphens\">ULBRICHTS<\/span> Automotive, nous leur donnons leur nom. Quatre anneaux caract\u00e9risent une AUDI, l&rsquo;h\u00e9lice bleu-blanc rend une BMW unique et le logo GTI transforme une Golf en une voiture de sport rac\u00e9e.<\/p>\n<p><span class=\"no_hyphens\">ULBRICHTS<\/span> Automotive est le leader europ\u00e9en du march\u00e9 et de la technologie dans le segment des embl\u00e8mes, lettrages et \u00e9l\u00e9ments de design. Nos produits garantissent un aspect parfait de la marque respective. Toutes les exigences et les souhaits de nos clients en mati\u00e8re d&rsquo;optique, d&rsquo;haptique et de pr\u00e9cision sont satisfaits. Ils sont synonymes d&rsquo;\u00e9motion, de performance et d&rsquo;exclusivit\u00e9, mettent des accents et int\u00e8grent des fonctions intelligentes. Nous garantissons cette qualit\u00e9 pendant toute la dur\u00e9e de vie de la voiture : quelles que soient les influences ext\u00e9rieures telles que les conditions climatiques extr\u00eames, les \u00e9clats de pierre ou les produits de nettoyage agressifs.<\/p>\n<p>La diversit\u00e9 de nos produits et de nos technologies est le r\u00e9sultat de processus constamment optimis\u00e9s. Les id\u00e9es deviennent des prototypes en un temps record gr\u00e2ce au savoir-faire de nos ing\u00e9nieurs et de notre propre atelier d&rsquo;outillage. Nous avons fait des d\u00e9fis particuliers du d\u00e9veloppement et de la production au c\u0153ur de l&rsquo;Europe notre force gr\u00e2ce \u00e0 un haut degr\u00e9 d&rsquo;automatisation : nous fournissons de grandes quantit\u00e9s en qualit\u00e9 parfaite \u00e0 des prix attractifs. Chaque jour, <span class=\"no_hyphens\">ULBRICHTS<\/span> Automotive produit environ 100 000 embl\u00e8mes, lettres et \u00e9l\u00e9ments de design hautement automatis\u00e9s pour les plus grands constructeurs automobiles mondiaux.<\/p>\n","protected":false},"excerpt":{"rendered":"<p>Les voitures d&rsquo;aujourd&rsquo;hui ont plusieurs visages. Chez ULBRICHTS Automotive, nous leur donnons leur nom. Quatre anneaux caract\u00e9risent une AUDI, l&rsquo;h\u00e9lice bleu-blanc rend une BMW unique et le logo GTI transforme une Golf en une voiture de sport rac\u00e9e. ULBRICHTS Automotive est le leader europ\u00e9en du march\u00e9 et de la technologie dans le segment des embl\u00e8mes, [&hellip;]<\/p>\n","protected":false},"author":1,"featured_media":0,"parent":0,"menu_order":0,"comment_status":"closed","ping_status":"closed","template":"page-video_bg.php","meta":{"_acf_changed":false,"footnotes":""},"class_list":["post-230","page","type-page","status-publish","hentry"],"acf":[],"_links":{"self":[{"href":"https:\/\/www.ulbrichts.com\/automotive\/fr\/wp-json\/wp\/v2\/pages\/230","targetHints":{"allow":["GET"]}}],"collection":[{"href":"https:\/\/www.ulbrichts.com\/automotive\/fr\/wp-json\/wp\/v2\/pages"}],"about":[{"href":"https:\/\/www.ulbrichts.com\/automotive\/fr\/wp-json\/wp\/v2\/types\/page"}],"author":[{"embeddable":true,"href":"https:\/\/www.ulbrichts.com\/automotive\/fr\/wp-json\/wp\/v2\/users\/1"}],"replies":[{"embeddable":true,"href":"https:\/\/www.ulbrichts.com\/automotive\/fr\/wp-json\/wp\/v2\/comments?post=230"}],"version-history":[{"count":47,"href":"https:\/\/www.ulbrichts.com\/automotive\/fr\/wp-json\/wp\/v2\/pages\/230\/revisions"}],"predecessor-version":[{"id":2609,"href":"https:\/\/www.ulbrichts.com\/automotive\/fr\/wp-json\/wp\/v2\/pages\/230\/revisions\/2609"}],"wp:attachment":[{"href":"https:\/\/www.ulbrichts.com\/automotive\/fr\/wp-json\/wp\/v2\/media?parent=230"}],"curies":[{"name":"wp","href":"https:\/\/api.w.org\/{rel}","templated":true}]}}