{"id":185,"date":"2019-04-09T14:55:20","date_gmt":"2019-04-09T14:55:20","guid":{"rendered":"https:\/\/www.ulbrichts.com\/automotive\/?page_id=185"},"modified":"2019-07-15T12:05:51","modified_gmt":"2019-07-15T12:05:51","slug":"forschung","status":"publish","type":"page","link":"https:\/\/www.ulbrichts.com\/automotive\/forschung\/","title":{"rendered":"Forschung"},"content":{"rendered":"<p>Neue Konzepte erfordern den Mut, Dinge zu ver\u00e4ndern. Dies gilt in besonderer Weise f\u00fcr die Automobilbranche, die neue Trends und zuk\u00fcnftige Technologien schon immer vorangetrieben hat. Elektroantriebe und autonomes Fahren sind nur zwei Stichw\u00f6rter, die das Auto von morgen pr\u00e4gen werden.<\/p>\n<p>Wir bei <span class=\"no_hyphens\">ULBRICHTS<\/span> Automotive setzen uns konsequent mit den Herausforderungen unserer Kunden auseinander und unterst\u00fctzen sie als umsetzungsstarker Entwicklungspartner. Dazu verfolgen wir aktuelle Trends und Entwicklungen und experimentieren mit neuen Materialien und Technologien. Immer mit dem Ziel, unsere Produkte und Prozesse noch ein St\u00fcck besser zu machen und neue L\u00f6sungen zu finden. Nicht allein, sondern im engen Zusammenspiel mit unseren Kunden. Unsere interdisziplin\u00e4ren Teams nutzen dabei u.a. folgende Methoden:<\/p>\n","protected":false},"excerpt":{"rendered":"<p>Neue Konzepte erfordern den Mut, Dinge zu ver\u00e4ndern. Dies gilt in besonderer Weise f\u00fcr die Automobilbranche, die neue Trends und zuk\u00fcnftige Technologien schon immer vorangetrieben hat. Elektroantriebe und autonomes Fahren sind nur zwei Stichw\u00f6rter, die das Auto von morgen pr\u00e4gen werden. Wir bei ULBRICHTS Automotive setzen uns konsequent mit den Herausforderungen unserer Kunden auseinander und [&hellip;]<\/p>\n","protected":false},"author":1,"featured_media":0,"parent":0,"menu_order":20,"comment_status":"closed","ping_status":"closed","template":"page-slider.php","meta":{"_acf_changed":false,"footnotes":""},"class_list":["post-185","page","type-page","status-publish","hentry"],"acf":[],"_links":{"self":[{"href":"https:\/\/www.ulbrichts.com\/automotive\/wp-json\/wp\/v2\/pages\/185","targetHints":{"allow":["GET"]}}],"collection":[{"href":"https:\/\/www.ulbrichts.com\/automotive\/wp-json\/wp\/v2\/pages"}],"about":[{"href":"https:\/\/www.ulbrichts.com\/automotive\/wp-json\/wp\/v2\/types\/page"}],"author":[{"embeddable":true,"href":"https:\/\/www.ulbrichts.com\/automotive\/wp-json\/wp\/v2\/users\/1"}],"replies":[{"embeddable":true,"href":"https:\/\/www.ulbrichts.com\/automotive\/wp-json\/wp\/v2\/comments?post=185"}],"version-history":[{"count":23,"href":"https:\/\/www.ulbrichts.com\/automotive\/wp-json\/wp\/v2\/pages\/185\/revisions"}],"predecessor-version":[{"id":2495,"href":"https:\/\/www.ulbrichts.com\/automotive\/wp-json\/wp\/v2\/pages\/185\/revisions\/2495"}],"wp:attachment":[{"href":"https:\/\/www.ulbrichts.com\/automotive\/wp-json\/wp\/v2\/media?parent=185"}],"curies":[{"name":"wp","href":"https:\/\/api.w.org\/{rel}","templated":true}]}}