{"id":2,"date":"2019-04-09T09:01:30","date_gmt":"2019-04-09T09:01:30","guid":{"rendered":"http:\/\/www.ulbrichts.com\/automotive\/?page_id=2"},"modified":"2020-07-06T12:11:24","modified_gmt":"2020-07-06T12:11:24","slug":"home","status":"publish","type":"page","link":"https:\/\/www.ulbrichts.com\/automotive\/","title":{"rendered":"Home"},"content":{"rendered":"<p>Heutige Autos haben viele Gesichter. Wir von <span class=\"no_hyphens\">ULBRICHTS<\/span> Automotive geben ihnen ihren Namen. Vier Ringe kennzeichnen einen AUDI, der blau-wei\u00dfe Propeller macht einen BMW unverwechselbar und aus einem Golf wird durch den Schriftzug GTI ein rassiger Sportler.<\/p>\n<p><span class=\"no_hyphens\">ULBRICHTS<\/span> Automotive ist europ\u00e4ischer Markt- und Technologief\u00fchrer im Segment Embleme, Schriftz\u00fcge und Designelemente. Unsere Produkte garantieren ein perfektes Erscheinungsbild der jeweiligen Marke. Dabei werden alle Anforderungen und W\u00fcnsche unserer Kunden hinsichtlich Optik, Haptik und Pr\u00e4zision erf\u00fcllt. Sie stehen f\u00fcr Emotion, Leistung und Exklusivit\u00e4t, setzen Akzente und integrieren smarte Funktionen. Diese Qualit\u00e4t garantieren wir ein ganzes Autoleben lang: unabh\u00e4ngig von \u00e4u\u00dferen Einfl\u00fcssen wie extremen Witterungsverh\u00e4ltnissen, Steinschl\u00e4gen oder aggressiven Reinigungsmitteln.<\/p>\n<p>Unsere Produkt- und Technologievielfalt ist das Ergebnis st\u00e4ndig optimierter Prozesse. Ideen werden dank des Know-hows unserer Ingenieure und eines eigenen Werkzeugbaus in Rekordzeit zu Prototypen. Die besonderen Herausforderungen der Entwicklung und Produktion im Herzen Europas haben wir durch einen hohen Automatisierungsgrad zu unserer St\u00e4rke gemacht: Wir liefern hohe St\u00fcckzahlen in perfekter Qualit\u00e4t zu attraktiven Preisen. T\u00e4glich produziert <span class=\"no_hyphens\">ULBRICHTS<\/span> Automotive hochautomatisiert rund 100.000 Embleme, Schriftz\u00fcge und Designelemente f\u00fcr die gr\u00f6\u00dften Autohersteller der Welt.<\/p>\n","protected":false},"excerpt":{"rendered":"<p>Heutige Autos haben viele Gesichter. Wir von ULBRICHTS Automotive geben ihnen ihren Namen. Vier Ringe kennzeichnen einen AUDI, der blau-wei\u00dfe Propeller macht einen BMW unverwechselbar und aus einem Golf wird durch den Schriftzug GTI ein rassiger Sportler. ULBRICHTS Automotive ist europ\u00e4ischer Markt- und Technologief\u00fchrer im Segment Embleme, Schriftz\u00fcge und Designelemente. Unsere Produkte garantieren ein perfektes [&hellip;]<\/p>\n","protected":false},"author":1,"featured_media":0,"parent":0,"menu_order":0,"comment_status":"closed","ping_status":"closed","template":"page-video_bg.php","meta":{"_acf_changed":false,"footnotes":""},"class_list":["post-2","page","type-page","status-publish","hentry"],"acf":[],"_links":{"self":[{"href":"https:\/\/www.ulbrichts.com\/automotive\/wp-json\/wp\/v2\/pages\/2","targetHints":{"allow":["GET"]}}],"collection":[{"href":"https:\/\/www.ulbrichts.com\/automotive\/wp-json\/wp\/v2\/pages"}],"about":[{"href":"https:\/\/www.ulbrichts.com\/automotive\/wp-json\/wp\/v2\/types\/page"}],"author":[{"embeddable":true,"href":"https:\/\/www.ulbrichts.com\/automotive\/wp-json\/wp\/v2\/users\/1"}],"replies":[{"embeddable":true,"href":"https:\/\/www.ulbrichts.com\/automotive\/wp-json\/wp\/v2\/comments?post=2"}],"version-history":[{"count":57,"href":"https:\/\/www.ulbrichts.com\/automotive\/wp-json\/wp\/v2\/pages\/2\/revisions"}],"predecessor-version":[{"id":2607,"href":"https:\/\/www.ulbrichts.com\/automotive\/wp-json\/wp\/v2\/pages\/2\/revisions\/2607"}],"wp:attachment":[{"href":"https:\/\/www.ulbrichts.com\/automotive\/wp-json\/wp\/v2\/media?parent=2"}],"curies":[{"name":"wp","href":"https:\/\/api.w.org\/{rel}","templated":true}]}}