{"id":5,"date":"2019-04-09T09:03:29","date_gmt":"2019-04-09T09:03:29","guid":{"rendered":"https:\/\/www.ulbrichts.com\/automotive\/?page_id=5"},"modified":"2019-05-27T11:53:27","modified_gmt":"2019-05-27T11:53:27","slug":"datenschutzerklaerung","status":"publish","type":"page","link":"https:\/\/www.ulbrichts.com\/automotive\/datenschutzerklaerung\/","title":{"rendered":"Datenschutzerkl\u00e4rung"},"content":{"rendered":"<p style=\"text-align: left;\">Verantwortlich f\u00fcr die Verarbeitung Ihrer personenbezogenen Daten auf unserer Website ist die ULBRICHTS GMBH. Die Daten der ULBRICHTS GMBH finden Sie im <a href=\"https:\/\/www.ulbrichts.com\/automotive\/impressum\/\">Impressum<\/a>.<\/p>\n<h2 style=\"text-align: left;\">Datenschutz<\/h2>\n<p style=\"text-align: left;\">Wir nehmen den Schutz Ihrer personenbezogenen Daten sehr ernst. Wir verarbeiten Ihre personenbezogenen Daten entsprechend der gesetzlichen Datenschutzvorschriften sowie dieser Datenschutzerkl\u00e4rung.<br \/>\nDie Nutzung unserer Webseite ist in der Regel ohne Angabe personenbezogener Daten m\u00f6glich. Soweit auf unseren Seiten personenbezogene Daten (beispielsweise Name, Anschrift oder E-Mail-Adressen) erhoben werden, erfolgt dies, soweit m\u00f6glich, stets auf freiwilliger Basis.<\/p>\n<h2 style=\"text-align: left;\">E-Mail-Newsletter<\/h2>\n<p style=\"text-align: left;\">Durch Ankreuzen der Checkbox willigen Sie in die Verarbeitung der von Ihnen eingegebenen personenbezogenen Daten zum Zweck der Information \u00fcber INHALTE ANGEBEN (DAS IST NOTWENDIG) mittels eines E-Mail-Newsletters durch den datenschutzrechtlich Verantwortlichen bis auf Widerruf bzw. Widerspruch ein.<br \/>\nEs besteht keine gesetzliche oder vertragliche Verpflichtung zur Bereitstellung der personenbezogenen Daten. Die Nichteinwilligung hat lediglich zur Folge, dass Sie keinen E-Mail-Newsletter erhalten.<br \/>\nSie haben das Recht, Ihre Einwilligung jederzeit durch schriftliche Mitteilung oder durch Klick auf den Abmeldelink im E-Mail-Newsletter zu widerrufen, ohne dass die Rechtm\u00e4\u00dfigkeit der aufgrund der Einwilligung bis zum Widerruf erfolgten Verarbeitung ber\u00fchrt wird.<br \/>\nEbenso k\u00f6nnen Sie der Verwendung Ihrer personenbezogenen Daten zum Zweck der Direktwerbung auf selbe Weise widersprechen. Im Fall des Widerspruchs werden Ihre personenbezogenen Daten nicht mehr zum Zweck der Direktwerbung in Form eines E-Mail-Newsletters verarbeitet.<\/p>\n<h2 style=\"text-align: left;\">Cookies<\/h2>\n<p style=\"text-align: left;\">Diese Website verwendet Cookies.<br \/>\nCookies machen Websites f\u00fcr den Benutzer benutzerfreundlicher und effizienter. Ein Cookie ist eine kleine Textdatei, die zur Speicherung von Informationen dient. Beim Besuch einer Website kann die Website auf dem Computer des Website-Besuchers ein Cookie platzieren. Besucht der Benutzer die Website sp\u00e4ter wieder, kann die Website die Daten des fr\u00fcher gespeicherten Cookies auslesen und so z.B. feststellen, ob der Benutzer die Website schon fr\u00fcher besucht hat und f\u00fcr welche Bereiche der Website sich der Benutzer besonders interessiert hat.<br \/>\nMehr Informationen zu Cookies erhalten Sie auf\u00a0<a href=\"http:\/\/de.wikipedia.org\/wiki\/HTTP-Cookie\">WIKIPEDIA<\/a>.<\/p>\n<h3 style=\"text-align: left;\">\u00c4ndern der Cookie-Einstellungen<\/h3>\n<p style=\"text-align: left;\">Wie der Web-Browser mit Cookies umgeht, welche Cookies zugelassen oder abgelehnt werden, kann der Benutzer in den Einstellungen des Web-Browsers festlegen. Wo genau sich diese Einstellungen befinden, h\u00e4ngt vom jeweiligen Web-Browser ab. Detailinformationen dazu k\u00f6nnen \u00fcber die Hilfe-Funktion des jeweiligen Web-Browsers aufgerufen werden.<br \/>\nWenn die Nutzung von Cookies eingeschr\u00e4nkt wird, sind unter Umst\u00e4nden nicht mehr alle Funktionen dieser Website vollumf\u00e4nglich nutzbar.<\/p>\n<h3 style=\"text-align: left;\">Cookies auf unserer Website<\/h3>\n<p style=\"text-align: left;\">Unsere Website verarbeitet folgende Cookies:<\/p>\n<ul style=\"text-align: left;\">\n<li>Unbedingt notwendige Cookies, um grundlegende Funktionen der Website sicherzustellen\n<ul>\n<li>CookieConsent:\u00a0Dient zur Speicherung der Zustimmung zur Cookie-Verwendung.<\/li>\n<li>gaOptout, maOptout, fbOptout: Dient zur Speicherung des Optouts von Google Analytics, Matomo, Facebook Pixel.<\/li>\n<\/ul>\n<\/li>\n<li>Funktionale Cookies, um die Leistung der Webseite sicherzustellen<\/li>\n<li>Performance-Cookies, um das Benutzererlebnis zu verbessern.\n<ul>\n<li>Google Analytics (siehe dort)<\/li>\n<li>Facebook Pixel (siehe dort)<\/li>\n<\/ul>\n<\/li>\n<li>Werbe-Cookies, um Werbekampagnen zu steuern.<\/li>\n<\/ul>\n<h2 style=\"text-align: left;\">Server Log File<\/h2>\n<p style=\"text-align: left;\">Diese Website verarbeitet zum Zweck der \u00dcberwachung der technischen Funktion und zur Erh\u00f6hung der Betriebssicherheit des Webservers auf Grundlage des \u00fcberwiegenden berechtigten Interesses des Verantwortlichen (technische Sicherheitsma\u00dfnahmen) folgende personenbezogene Daten in einem Server Log File:<\/p>\n<ul style=\"text-align: left;\">\n<li>aufgerufener Inhalt<\/li>\n<li>Uhrzeit der Serveranfrage<\/li>\n<li>Browsertyp \/ Browserversion<\/li>\n<li>verwendetes Betriebssystem<\/li>\n<li>Referrer URL<\/li>\n<li>IP-Adresse<\/li>\n<li>Hostname<\/li>\n<\/ul>\n<p style=\"text-align: left;\">Diese Daten werden nur tempor\u00e4r f\u00fcr die Dauer von vier Stunden personenbezogen gespeichert. Danach werden die IP-Adresse und der Hostname anonymisiert.<\/p>\n<h2 style=\"text-align: left;\">Google Analytics<\/h2>\n<p style=\"text-align: left;\">Diese Website verwendet Google Analytics, einen Webanalysedienst der Google Inc, 1600 Amphitheatre Parkway Mountain View, CA 94043, USA (\u201eGoogle\u201c) auf der Rechtsgrundlage des \u00fcberwiegenden berechtigten Interesses (Analyse der Websitenutzung). Wir haben dazu mit Google einen Vertrag zur Auftragsdatenverarbeitung abgeschlossen.<br \/>\nBeim Aufruf unserer Webseite wird \u00fcber eine Software eine Verbindung zu den Servern von Google hergestellt und Daten an teils in den USA befindliche Server von Google \u00fcbermittelt. Google Analytics verwendet zudem Cookies zur Speicherung von Informationen \u00fcber den Website-Benutzer und zur Analyse der Benutzung der Website durch die Website-Benutzer.<br \/>\nDiese Website nutzt die Funktion &#8222;IP-Anonymisierung&#8220;. Dadurch wird Ihre IP-Adresse von Google innerhalb von Mitgliedstaaten der Europ\u00e4ischen Union oder in anderen Vertragsstaaten des Abkommens \u00fcber den Europ\u00e4ischen Wirtschaftsraum zuvor gek\u00fcrzt und damit anonymisiert. Nur in Ausnahmef\u00e4llen wird die volle IP-Adresse an einen Server von Google in den USA \u00fcbertragen und dort gek\u00fcrzt.<br \/>\nLaut Angaben von Google wird Google die erhobenen Daten benutzen, um die Nutzung der Website auszuwerten, um Reports \u00fcber die Websiteaktivit\u00e4ten zusammenzustellen und um weitere mit der Websitenutzung und der Internetnutzung verbundene Dienstleistungen zu erbringen.<br \/>\nAuch wird Google diese Informationen gegebenenfalls an Dritte \u00fcbertragen, sofern dies gesetzlich vorgeschrieben ist oder soweit Dritte diese Daten im Auftrag von Google verarbeiten.<br \/>\nDetaillierte Informationen zum Umgang mit Nutzerdaten bei Google Analytics finden Sie in der Datenschutzerkl\u00e4rung von Google <a href=\"https:\/\/www.google.com\/intl\/de\/policies\/privacy\/\">Google<\/a> bzw. von <a href=\"https:\/\/support.google.com\/analytics\/answer\/6004245?hl=de\">Google Analytics<\/a>.<\/p>\n<h3 style=\"text-align: left;\">Google Analytics deaktivieren<\/h3>\n<ul style=\"text-align: left;\">\n<li>Sie k\u00f6nnen die Erfassung Ihrer Nutzerdaten durch Google Analytics <strong>nur auf dieser Website<\/strong> verhindern, indem Sie auf folgenden Link klicken. Es wird ein Opt-Out-Cookie gesetzt, das die Erfassung Ihrer Daten bei zuk\u00fcnftigen Besuchen dieser Website verhindert: <a class=\"ga_opt_out\" href=\"#\" rel=\"nofollow\">Google Analytics deaktivieren<\/a>.<\/li>\n<\/ul>\n<h2 style=\"text-align: left;\">Facebook Pixel<\/h2>\n<p style=\"text-align: left;\">Diese Website verwendet Facebook Pixel, einen Webanalysedienst der Facebook Ireland Limited, 4 Grand Canal Square, Dublin 2, Irland (\u201eFacebook\u201c) auf der Rechtsgrundlage des \u00fcberwiegenden berechtigten Interesses (Analyse der Websitenutzung). Wir haben dazu mit Facebook einen Vertrag zur Auftragsdatenverarbeitung abgeschlossen. Die Daten werden teilweise in die USA \u00fcbertragen. Die \u00dcbermittlung der Daten in die USA erfolgt auf Grundlage des Privacy Shields.<br \/>\nBeim Aufruf unserer Webseite wird \u00fcber eine Software eine Verbindung zu den Servern von Facebook hergestellt und Daten an teils in den USA befindlichen Server von Facebook \u00fcbermittelt. Facebook Pixel verwendet zudem Cookies zur Speicherung von Informationen \u00fcber den Website-Benutzer und zur Analyse der Benutzung der Website durch die Website-Benutzer.<br \/>\nLaut Angaben von Facebook wird Facebook die erhobenen Daten benutzen, um die Nutzung der Website auszuwerten, um Reports \u00fcber die Websiteaktivit\u00e4ten zusammenzustellen und um weitere mit der Websitenutzung und der Internetnutzung verbundene Dienstleistungen zu erbringen.<br \/>\nAuch wird Facebook diese Informationen gegebenenfalls an Dritte \u00fcbertragen, sofern dies gesetzlich vorgeschrieben ist oder soweit Dritte diese Daten im Auftrag von Facebook verarbeiten.<br \/>\nDetaillierte Informationen zum Umgang mit Nutzerdaten bei Facebook finden Sie in der Datenschutzerkl\u00e4rung von <a href=\"https:\/\/www.facebook.com\/privacy\/explanation\">Facebook<\/a>.<\/p>\n<h3 style=\"text-align: left;\">Facebook Pixel deaktivieren<\/h3>\n<ul style=\"text-align: left;\">\n<li>Sie k\u00f6nnen die Erfassung Ihrer Nutzerdaten durch Facebook Pixel auf dieser Website verhindern, indem Sie auf folgenden Link klicken. Es wird ein Opt-Out-Cookie gesetzt, das die Erfassung Ihrer Daten bei zuk\u00fcnftigen Besuchen dieser Website verhindert: <a href=\"javacript:fbOptout()\">Facebook Pixel deaktivieren<\/a>.<\/li>\n<\/ul>\n<h2 style=\"text-align: left;\">Ihre Rechte<\/h2>\n<p style=\"text-align: left;\">Sie haben das Recht auf Auskunft, Berichtigung, L\u00f6schung und Einschr\u00e4nkung der Verarbeitung der personenbezogenen Daten.<br \/>\nSoweit die Rechtsgrundlage der Verarbeitung Ihrer personenbezogenen Daten in Ihrer Einwilligung oder in einem mit Ihnen abgeschlossenen Vertrag besteht, haben Sie zudem das Recht auf Daten\u00fcbertragbarkeit.<br \/>\nSie haben das Recht auf Widerruf einer eventuell erteilten Einwilligung zur Verarbeitung Ihrer personenbezogenen Daten. Die Rechtm\u00e4\u00dfigkeit der Verarbeitung der personenbezogenen Daten bis zum Widerruf wird durch den Widerruf nicht ber\u00fchrt.<br \/>\nSie haben das Recht auf Widerspruch gegen die Verarbeitung Ihrer personenbezogenen Daten zum Zweck der Direktwerbung. Im Fall des Widerspruchs werden Ihre personenbezogenen Daten nicht mehr zum Zwecke der Direktwerbung verarbeitet.<br \/>\nWeiters haben Sie das Recht auf Beschwerde bei der Aufsichtsbeh\u00f6rde (\u00d6sterreichische Datenschutzbeh\u00f6rde, Wickenburggasse 8, 1080 Wien, dsb@dsb.gv.at).<\/p>\n","protected":false},"excerpt":{"rendered":"<p>Verantwortlich f\u00fcr die Verarbeitung Ihrer personenbezogenen Daten auf unserer Website ist die ULBRICHTS GMBH. Die Daten der ULBRICHTS GMBH finden Sie im Impressum. Datenschutz Wir nehmen den Schutz Ihrer personenbezogenen Daten sehr ernst. Wir verarbeiten Ihre personenbezogenen Daten entsprechend der gesetzlichen Datenschutzvorschriften sowie dieser Datenschutzerkl\u00e4rung. Die Nutzung unserer Webseite ist in der Regel ohne Angabe [&hellip;]<\/p>\n","protected":false},"author":1,"featured_media":0,"parent":0,"menu_order":1010,"comment_status":"closed","ping_status":"closed","template":"","meta":{"_acf_changed":false,"footnotes":""},"class_list":["post-5","page","type-page","status-publish","hentry"],"acf":[],"_links":{"self":[{"href":"https:\/\/www.ulbrichts.com\/automotive\/wp-json\/wp\/v2\/pages\/5","targetHints":{"allow":["GET"]}}],"collection":[{"href":"https:\/\/www.ulbrichts.com\/automotive\/wp-json\/wp\/v2\/pages"}],"about":[{"href":"https:\/\/www.ulbrichts.com\/automotive\/wp-json\/wp\/v2\/types\/page"}],"author":[{"embeddable":true,"href":"https:\/\/www.ulbrichts.com\/automotive\/wp-json\/wp\/v2\/users\/1"}],"replies":[{"embeddable":true,"href":"https:\/\/www.ulbrichts.com\/automotive\/wp-json\/wp\/v2\/comments?post=5"}],"version-history":[{"count":5,"href":"https:\/\/www.ulbrichts.com\/automotive\/wp-json\/wp\/v2\/pages\/5\/revisions"}],"predecessor-version":[{"id":1305,"href":"https:\/\/www.ulbrichts.com\/automotive\/wp-json\/wp\/v2\/pages\/5\/revisions\/1305"}],"wp:attachment":[{"href":"https:\/\/www.ulbrichts.com\/automotive\/wp-json\/wp\/v2\/media?parent=5"}],"curies":[{"name":"wp","href":"https:\/\/api.w.org\/{rel}","templated":true}]}}