{"id":1465,"date":"2019-04-09T14:55:48","date_gmt":"2019-04-09T14:55:48","guid":{"rendered":"https:\/\/www.ulbrichts.com\/karriere\/"},"modified":"2022-11-04T13:53:07","modified_gmt":"2022-11-04T13:53:07","slug":"carrera","status":"publish","type":"page","link":"https:\/\/www.ulbrichts.com\/es\/carrera\/","title":{"rendered":"Carrera"},"content":{"rendered":"<p>Es oficial: somos un Hidden Champion. En <span style=\"hyphens: none;\">ULBRICHTS<\/span> producimos productos con los que usted entra diariamente en contacto y de los cuales usted escucha casi a diario inconscientemente. Ya sean los coches que pasan y cuyos emblemas nosotros fabricamos o las fuerzas de operaciones que usted ve en televisi\u00f3n y que protegemos con nuestros cascos de tit\u00e1n: es extraordinario lo que hemos conseguido conjuntamente en Schwanenstadt. Estamos orgullosos de ello.<\/p>\n<p>En los dos \u00e1mbitos \u2013 Automotive y Protection \u2013 hemos elaborado en los \u00faltimos a\u00f1os posiciones de mercado \u00fanicas. De esta forma, por ejemplo, el 80 % de todos los emblemas de VW son nuestros. \u00bfY los cascos de tit\u00e1n antibalas? Salvo nosotros, nadie los fabrica. En todo el mundo. No es de extra\u00f1ar que ganemos la mayor parte de todas las licitaciones.<\/p>\n","protected":false},"excerpt":{"rendered":"<p>Es oficial: somos un Hidden Champion. En ULBRICHTS producimos productos con los que usted entra diariamente en contacto y de los cuales usted escucha casi a diario inconscientemente. Ya sean los coches que pasan y cuyos emblemas nosotros fabricamos o las fuerzas de operaciones que usted ve en televisi\u00f3n y que protegemos con nuestros cascos [&hellip;]<\/p>\n","protected":false},"author":1,"featured_media":0,"parent":0,"menu_order":40,"comment_status":"closed","ping_status":"closed","template":"page-slider.php","meta":{"_acf_changed":false,"footnotes":""},"class_list":["post-1465","page","type-page","status-publish","hentry"],"acf":[],"_links":{"self":[{"href":"https:\/\/www.ulbrichts.com\/es\/wp-json\/wp\/v2\/pages\/1465","targetHints":{"allow":["GET"]}}],"collection":[{"href":"https:\/\/www.ulbrichts.com\/es\/wp-json\/wp\/v2\/pages"}],"about":[{"href":"https:\/\/www.ulbrichts.com\/es\/wp-json\/wp\/v2\/types\/page"}],"author":[{"embeddable":true,"href":"https:\/\/www.ulbrichts.com\/es\/wp-json\/wp\/v2\/users\/1"}],"replies":[{"embeddable":true,"href":"https:\/\/www.ulbrichts.com\/es\/wp-json\/wp\/v2\/comments?post=1465"}],"version-history":[{"count":7,"href":"https:\/\/www.ulbrichts.com\/es\/wp-json\/wp\/v2\/pages\/1465\/revisions"}],"predecessor-version":[{"id":5167,"href":"https:\/\/www.ulbrichts.com\/es\/wp-json\/wp\/v2\/pages\/1465\/revisions\/5167"}],"wp:attachment":[{"href":"https:\/\/www.ulbrichts.com\/es\/wp-json\/wp\/v2\/media?parent=1465"}],"curies":[{"name":"wp","href":"https:\/\/api.w.org\/{rel}","templated":true}]}}