{"id":1461,"date":"2019-04-09T14:55:20","date_gmt":"2019-04-09T14:55:20","guid":{"rendered":"https:\/\/www.ulbrichts.com\/forschung-entwicklung\/"},"modified":"2019-07-12T08:46:06","modified_gmt":"2019-07-12T08:46:06","slug":"recherche-et-developpement","status":"publish","type":"page","link":"https:\/\/www.ulbrichts.com\/fr\/recherche-et-developpement\/","title":{"rendered":"Recherche et d\u00e9veloppement"},"content":{"rendered":"<p>Nous cr\u00e9ons des solutions que certaines personnes ne consid\u00e8rent pas possibles. Notre d\u00e9partement Recherche et D\u00e9veloppement n&rsquo;est pas situ\u00e9 quelque part, mais dans notre propre local. \u00c0 quelques m\u00e8tres seulement de la fabrication d&rsquo;outils et de la production. Ainsi, les id\u00e9es deviennent des prototypes sans d\u00e9tours.<\/p>\n<p>Nous sommes pr\u00eats \u00e0 investir et \u00e0 prendre des revers pour r\u00e9ussir demain. <span class=\"no_hyphens\">ULBRICHTS<\/span> Automotive et Protection partagent une passion pour la technologie et la conviction : l&rsquo;avenir se fait aujourd&rsquo;hui.<\/p>\n","protected":false},"excerpt":{"rendered":"<p>Nous cr\u00e9ons des solutions que certaines personnes ne consid\u00e8rent pas possibles. Notre d\u00e9partement Recherche et D\u00e9veloppement n&rsquo;est pas situ\u00e9 quelque part, mais dans notre propre local. \u00c0 quelques m\u00e8tres seulement de la fabrication d&rsquo;outils et de la production. Ainsi, les id\u00e9es deviennent des prototypes sans d\u00e9tours. Nous sommes pr\u00eats \u00e0 investir et \u00e0 prendre des [&hellip;]<\/p>\n","protected":false},"author":1,"featured_media":0,"parent":0,"menu_order":20,"comment_status":"closed","ping_status":"closed","template":"page-slider.php","meta":{"_acf_changed":false,"footnotes":""},"class_list":["post-1461","page","type-page","status-publish","hentry"],"acf":[],"_links":{"self":[{"href":"https:\/\/www.ulbrichts.com\/fr\/wp-json\/wp\/v2\/pages\/1461","targetHints":{"allow":["GET"]}}],"collection":[{"href":"https:\/\/www.ulbrichts.com\/fr\/wp-json\/wp\/v2\/pages"}],"about":[{"href":"https:\/\/www.ulbrichts.com\/fr\/wp-json\/wp\/v2\/types\/page"}],"author":[{"embeddable":true,"href":"https:\/\/www.ulbrichts.com\/fr\/wp-json\/wp\/v2\/users\/1"}],"replies":[{"embeddable":true,"href":"https:\/\/www.ulbrichts.com\/fr\/wp-json\/wp\/v2\/comments?post=1461"}],"version-history":[{"count":3,"href":"https:\/\/www.ulbrichts.com\/fr\/wp-json\/wp\/v2\/pages\/1461\/revisions"}],"predecessor-version":[{"id":2445,"href":"https:\/\/www.ulbrichts.com\/fr\/wp-json\/wp\/v2\/pages\/1461\/revisions\/2445"}],"wp:attachment":[{"href":"https:\/\/www.ulbrichts.com\/fr\/wp-json\/wp\/v2\/media?parent=1461"}],"curies":[{"name":"wp","href":"https:\/\/api.w.org\/{rel}","templated":true}]}}