{"id":1464,"date":"2019-04-09T14:55:48","date_gmt":"2019-04-09T14:55:48","guid":{"rendered":"https:\/\/www.ulbrichts.com\/karriere\/"},"modified":"2022-11-04T13:52:46","modified_gmt":"2022-11-04T13:52:46","slug":"carriere","status":"publish","type":"page","link":"https:\/\/www.ulbrichts.com\/fr\/carriere\/","title":{"rendered":"Carri\u00e8re"},"content":{"rendered":"<p>C&rsquo;est officiel : nous sommes un champion cach\u00e9. Chez <span style=\"hyphens: none;\">ULBRICHTS<\/span>, nous cr\u00e9ons des produits avec lesquels vous entrez en contact tous les jours, dont vous entendez parler presque tous les jours sans le savoir. Qu&rsquo;il s&rsquo;agisse des voitures de particuliers dont nous produisons les embl\u00e8mes ou des services d&rsquo;urgence \u00e0 la t\u00e9l\u00e9vision que nous prot\u00e9geons avec nos casques en titane, c&rsquo;est formidable ce que nous avons r\u00e9alis\u00e9 ensemble \u00e0 Schwanenstadt. Nous en sommes fiers.<br \/>\nTant dans l&rsquo;Automobile que dans la Protection, nous avons acquis ces derni\u00e8res ann\u00e9es des positions uniques sur le march\u00e9. Environ 80 pour cent de tous les embl\u00e8mes VW proviennent de nous. Et des casques en titane pare-balles ? Personne d&rsquo;autre ne les fabrique. Dans le monde entier. Pas \u00e9tonnant que nous ayons remport\u00e9 la part du lion de tous les appels d&rsquo;offres.<\/p>\n","protected":false},"excerpt":{"rendered":"<p>C&rsquo;est officiel : nous sommes un champion cach\u00e9. Chez ULBRICHTS, nous cr\u00e9ons des produits avec lesquels vous entrez en contact tous les jours, dont vous entendez parler presque tous les jours sans le savoir. Qu&rsquo;il s&rsquo;agisse des voitures de particuliers dont nous produisons les embl\u00e8mes ou des services d&rsquo;urgence \u00e0 la t\u00e9l\u00e9vision que nous prot\u00e9geons [&hellip;]<\/p>\n","protected":false},"author":1,"featured_media":0,"parent":0,"menu_order":40,"comment_status":"closed","ping_status":"closed","template":"page-slider.php","meta":{"_acf_changed":false,"footnotes":""},"class_list":["post-1464","page","type-page","status-publish","hentry"],"acf":[],"_links":{"self":[{"href":"https:\/\/www.ulbrichts.com\/fr\/wp-json\/wp\/v2\/pages\/1464","targetHints":{"allow":["GET"]}}],"collection":[{"href":"https:\/\/www.ulbrichts.com\/fr\/wp-json\/wp\/v2\/pages"}],"about":[{"href":"https:\/\/www.ulbrichts.com\/fr\/wp-json\/wp\/v2\/types\/page"}],"author":[{"embeddable":true,"href":"https:\/\/www.ulbrichts.com\/fr\/wp-json\/wp\/v2\/users\/1"}],"replies":[{"embeddable":true,"href":"https:\/\/www.ulbrichts.com\/fr\/wp-json\/wp\/v2\/comments?post=1464"}],"version-history":[{"count":7,"href":"https:\/\/www.ulbrichts.com\/fr\/wp-json\/wp\/v2\/pages\/1464\/revisions"}],"predecessor-version":[{"id":5166,"href":"https:\/\/www.ulbrichts.com\/fr\/wp-json\/wp\/v2\/pages\/1464\/revisions\/5166"}],"wp:attachment":[{"href":"https:\/\/www.ulbrichts.com\/fr\/wp-json\/wp\/v2\/media?parent=1464"}],"curies":[{"name":"wp","href":"https:\/\/api.w.org\/{rel}","templated":true}]}}